{"id":3190,"date":"2017-04-23T20:16:59","date_gmt":"2017-04-23T20:16:59","guid":{"rendered":"https:\/\/gaelscoilcholmcille.ie\/?page_id=3190"},"modified":"2017-08-14T12:27:40","modified_gmt":"2017-08-14T12:27:40","slug":"ranganna","status":"publish","type":"page","link":"https:\/\/gaelscoilcholmcille.ie\/en\/ranganna\/","title":{"rendered":"Classes"},"content":{"rendered":"<p><strong>Na\u00edon\u00e1in Bheaga<\/strong><\/p>\n<p><img loading=\"lazy\" decoding=\"async\" src=\"https:\/\/gaelscoilcholmcille.ie\/wp-content\/uploads\/2017\/06\/GaelscoilCholmcille-60-300x200.jpg\" alt=\"\" width=\"640\" height=\"360\" class=\"alignnone size-medium wp-image-3258\" \/><\/p>\n<p><strong>Na\u00edon\u00e1in mh\u00f3ra<\/strong><\/p>\n<p><img loading=\"lazy\" decoding=\"async\" class=\"alignnone size-full wp-image-3093\" src=\"https:\/\/gaelscoilcholmcille.ie\/wp-content\/uploads\/2017\/04\/Na\u00edon\u00e1in-mh\u00f3ra.jpg\" alt=\"\" height=\"362\" width=\"640\" srcset=\"https:\/\/gaelscoilcholmcille.ie\/wp-content\/uploads\/2017\/04\/Na\u00edon\u00e1in-mh\u00f3ra.jpg 640w, https:\/\/gaelscoilcholmcille.ie\/wp-content\/uploads\/2017\/04\/Na\u00edon\u00e1in-mh\u00f3ra-300x170.jpg 300w\" sizes=\"auto, (max-width: 640px) 100vw, 640px\" \/><\/p>\n<p><strong>Rang a 1<\/strong><\/p>\n<p><strong><img loading=\"lazy\" decoding=\"async\" class=\"alignnone size-full wp-image-3094\" src=\"https:\/\/gaelscoilcholmcille.ie\/wp-content\/uploads\/2017\/04\/Rang-a-1.jpg\" alt=\"\" height=\"360\" width=\"640\" srcset=\"https:\/\/gaelscoilcholmcille.ie\/wp-content\/uploads\/2017\/04\/Rang-a-1.jpg 640w, https:\/\/gaelscoilcholmcille.ie\/wp-content\/uploads\/2017\/04\/Rang-a-1-300x169.jpg 300w\" sizes=\"auto, (max-width: 640px) 100vw, 640px\" \/><\/strong><\/p>\n<p>&nbsp;<\/p>\n<p><strong>Rang a 2<\/strong><\/p>\n<p><img loading=\"lazy\" decoding=\"async\" class=\"alignnone size-full wp-image-3095\" src=\"https:\/\/gaelscoilcholmcille.ie\/wp-content\/uploads\/2017\/04\/Rang-a-2.jpg\" alt=\"\" height=\"360\" width=\"640\" srcset=\"https:\/\/gaelscoilcholmcille.ie\/wp-content\/uploads\/2017\/04\/Rang-a-2.jpg 640w, https:\/\/gaelscoilcholmcille.ie\/wp-content\/uploads\/2017\/04\/Rang-a-2-300x169.jpg 300w\" sizes=\"auto, (max-width: 640px) 100vw, 640px\" \/><\/p>\n<p>&nbsp;<\/p>\n<p><strong>Rang a 3<\/strong><\/p>\n<p><img loading=\"lazy\" decoding=\"async\" class=\"alignnone size-full wp-image-3096\" src=\"https:\/\/gaelscoilcholmcille.ie\/wp-content\/uploads\/2017\/04\/Rang-a-3.jpg\" alt=\"\" height=\"360\" width=\"640\" srcset=\"https:\/\/gaelscoilcholmcille.ie\/wp-content\/uploads\/2017\/04\/Rang-a-3.jpg 640w, https:\/\/gaelscoilcholmcille.ie\/wp-content\/uploads\/2017\/04\/Rang-a-3-300x169.jpg 300w\" sizes=\"auto, (max-width: 640px) 100vw, 640px\" \/><\/p>\n<p>&nbsp;<\/p>\n<p><strong>Rang a 4<\/strong><\/p>\n<p><img loading=\"lazy\" decoding=\"async\" class=\"alignnone size-full wp-image-3097\" src=\"https:\/\/gaelscoilcholmcille.ie\/wp-content\/uploads\/2017\/04\/Rang-a-4.jpg\" alt=\"\" height=\"360\" width=\"640\" srcset=\"https:\/\/gaelscoilcholmcille.ie\/wp-content\/uploads\/2017\/04\/Rang-a-4.jpg 640w, https:\/\/gaelscoilcholmcille.ie\/wp-content\/uploads\/2017\/04\/Rang-a-4-300x169.jpg 300w\" sizes=\"auto, (max-width: 640px) 100vw, 640px\" \/><\/p>\n<p>&nbsp;<\/p>\n<p><strong>Rang a 5<\/strong><\/p>\n<p><img loading=\"lazy\" decoding=\"async\" class=\"alignnone size-full wp-image-3098\" src=\"https:\/\/gaelscoilcholmcille.ie\/wp-content\/uploads\/2017\/04\/Rang-a-5.jpg\" alt=\"\" height=\"360\" width=\"640\" srcset=\"https:\/\/gaelscoilcholmcille.ie\/wp-content\/uploads\/2017\/04\/Rang-a-5.jpg 640w, https:\/\/gaelscoilcholmcille.ie\/wp-content\/uploads\/2017\/04\/Rang-a-5-300x169.jpg 300w\" sizes=\"auto, (max-width: 640px) 100vw, 640px\" \/><\/p>\n<p>&nbsp;<\/p>\n<p><strong>Rang a 6<\/strong><\/p>\n<p><img loading=\"lazy\" decoding=\"async\" class=\"alignnone size-full wp-image-3099\" src=\"https:\/\/gaelscoilcholmcille.ie\/wp-content\/uploads\/2017\/04\/Rang-a-6.jpg\" alt=\"\" height=\"362\" width=\"640\" srcset=\"https:\/\/gaelscoilcholmcille.ie\/wp-content\/uploads\/2017\/04\/Rang-a-6.jpg 640w, https:\/\/gaelscoilcholmcille.ie\/wp-content\/uploads\/2017\/04\/Rang-a-6-300x170.jpg 300w\" sizes=\"auto, (max-width: 640px) 100vw, 640px\" \/><\/p>\n","protected":false},"excerpt":{"rendered":"<p>Na\u00edon\u00e1in Bheaga Na\u00edon\u00e1in mh\u00f3ra Rang a 1 &nbsp; Rang a 2 [&hellip;]<\/p>\n","protected":false},"author":3,"featured_media":0,"parent":0,"menu_order":3,"comment_status":"closed","ping_status":"closed","template":"","meta":{"ngg_post_thumbnail":0,"footnotes":""},"class_list":["post-3190","page","type-page","status-publish","hentry"],"_links":{"self":[{"href":"https:\/\/gaelscoilcholmcille.ie\/en\/wp-json\/wp\/v2\/pages\/3190","targetHints":{"allow":["GET"]}}],"collection":[{"href":"https:\/\/gaelscoilcholmcille.ie\/en\/wp-json\/wp\/v2\/pages"}],"about":[{"href":"https:\/\/gaelscoilcholmcille.ie\/en\/wp-json\/wp\/v2\/types\/page"}],"author":[{"embeddable":true,"href":"https:\/\/gaelscoilcholmcille.ie\/en\/wp-json\/wp\/v2\/users\/3"}],"replies":[{"embeddable":true,"href":"https:\/\/gaelscoilcholmcille.ie\/en\/wp-json\/wp\/v2\/comments?post=3190"}],"version-history":[{"count":3,"href":"https:\/\/gaelscoilcholmcille.ie\/en\/wp-json\/wp\/v2\/pages\/3190\/revisions"}],"predecessor-version":[{"id":3264,"href":"https:\/\/gaelscoilcholmcille.ie\/en\/wp-json\/wp\/v2\/pages\/3190\/revisions\/3264"}],"wp:attachment":[{"href":"https:\/\/gaelscoilcholmcille.ie\/en\/wp-json\/wp\/v2\/media?parent=3190"}],"curies":[{"name":"wp","href":"https:\/\/api.w.org\/{rel}","templated":true}]}}