{"id":3216,"date":"2017-06-15T11:01:47","date_gmt":"2017-06-15T11:01:47","guid":{"rendered":"https:\/\/gaelscoilcholmcille.ie\/?page_id=3216"},"modified":"2019-06-18T11:41:08","modified_gmt":"2019-06-18T11:41:08","slug":"naionain-shoisireacha","status":"publish","type":"page","link":"https:\/\/gaelscoilcholmcille.ie\/en\/ranganna\/naionain-shoisireacha\/","title":{"rendered":"Junior Infants"},"content":{"rendered":"<p><img loading=\"lazy\" decoding=\"async\" class=\"alignnone size-medium wp-image-3258\" src=\"https:\/\/gaelscoilcholmcille.ie\/wp-content\/uploads\/2017\/06\/GaelscoilCholmcille-60-300x200.jpg\" alt=\"\" width=\"300\" height=\"200\" srcset=\"https:\/\/gaelscoilcholmcille.ie\/wp-content\/uploads\/2017\/06\/GaelscoilCholmcille-60-300x200.jpg 300w, https:\/\/gaelscoilcholmcille.ie\/wp-content\/uploads\/2017\/06\/GaelscoilCholmcille-60-768x512.jpg 768w, https:\/\/gaelscoilcholmcille.ie\/wp-content\/uploads\/2017\/06\/GaelscoilCholmcille-60-1024x683.jpg 1024w\" sizes=\"auto, (max-width: 300px) 100vw, 300px\" \/><\/p>\n<p>Booklist for Junior Infants is available <a href=\"https:\/\/gaelscoilcholmcille.ie\/wp-content\/uploads\/2019\/06\/Na\u00edon\u00e1in-Sh\u00f3isireach-2.docx\"><strong>here<\/strong><\/a>.<\/p>","protected":false},"excerpt":{"rendered":"<p>Booklist for Junior Infants is available here.<\/p>\n","protected":false},"author":3,"featured_media":0,"parent":3190,"menu_order":1,"comment_status":"closed","ping_status":"closed","template":"page-right-sidebar.php","meta":{"ngg_post_thumbnail":0,"footnotes":""},"class_list":["post-3216","page","type-page","status-publish","hentry"],"_links":{"self":[{"href":"https:\/\/gaelscoilcholmcille.ie\/en\/wp-json\/wp\/v2\/pages\/3216","targetHints":{"allow":["GET"]}}],"collection":[{"href":"https:\/\/gaelscoilcholmcille.ie\/en\/wp-json\/wp\/v2\/pages"}],"about":[{"href":"https:\/\/gaelscoilcholmcille.ie\/en\/wp-json\/wp\/v2\/types\/page"}],"author":[{"embeddable":true,"href":"https:\/\/gaelscoilcholmcille.ie\/en\/wp-json\/wp\/v2\/users\/3"}],"replies":[{"embeddable":true,"href":"https:\/\/gaelscoilcholmcille.ie\/en\/wp-json\/wp\/v2\/comments?post=3216"}],"version-history":[{"count":8,"href":"https:\/\/gaelscoilcholmcille.ie\/en\/wp-json\/wp\/v2\/pages\/3216\/revisions"}],"predecessor-version":[{"id":3756,"href":"https:\/\/gaelscoilcholmcille.ie\/en\/wp-json\/wp\/v2\/pages\/3216\/revisions\/3756"}],"up":[{"embeddable":true,"href":"https:\/\/gaelscoilcholmcille.ie\/en\/wp-json\/wp\/v2\/pages\/3190"}],"wp:attachment":[{"href":"https:\/\/gaelscoilcholmcille.ie\/en\/wp-json\/wp\/v2\/media?parent=3216"}],"curies":[{"name":"wp","href":"https:\/\/api.w.org\/{rel}","templated":true}]}}