{"id":3218,"date":"2017-06-15T11:03:57","date_gmt":"2017-06-15T11:03:57","guid":{"rendered":"https:\/\/gaelscoilcholmcille.ie\/?page_id=3218"},"modified":"2019-06-18T11:42:11","modified_gmt":"2019-06-18T11:42:11","slug":"naionain-shinsireach","status":"publish","type":"page","link":"https:\/\/gaelscoilcholmcille.ie\/en\/ranganna\/naionain-shinsireach\/","title":{"rendered":"Senior Infants"},"content":{"rendered":"<p><img loading=\"lazy\" decoding=\"async\" class=\"alignnone size-full wp-image-3093\" src=\"https:\/\/gaelscoilcholmcille.ie\/wp-content\/uploads\/2017\/04\/Na\u00edon\u00e1in-mh\u00f3ra.jpg\" alt=\"\" width=\"640\" height=\"362\" srcset=\"https:\/\/gaelscoilcholmcille.ie\/wp-content\/uploads\/2017\/04\/Na\u00edon\u00e1in-mh\u00f3ra.jpg 640w, https:\/\/gaelscoilcholmcille.ie\/wp-content\/uploads\/2017\/04\/Na\u00edon\u00e1in-mh\u00f3ra-300x170.jpg 300w\" sizes=\"auto, (max-width: 640px) 100vw, 640px\" \/><\/p>\n<p>Senior Infants booklist available <a href=\"https:\/\/gaelscoilcholmcille.ie\/wp-content\/uploads\/2019\/06\/Na\u00edon\u00e1in-Shinsireach-2.docx\"><strong>here<\/strong><\/a>.<\/p>","protected":false},"excerpt":{"rendered":"<p>Senior Infants booklist available here.<\/p>\n","protected":false},"author":3,"featured_media":0,"parent":3190,"menu_order":2,"comment_status":"closed","ping_status":"closed","template":"page-right-sidebar.php","meta":{"ngg_post_thumbnail":0,"footnotes":""},"class_list":["post-3218","page","type-page","status-publish","hentry"],"_links":{"self":[{"href":"https:\/\/gaelscoilcholmcille.ie\/en\/wp-json\/wp\/v2\/pages\/3218","targetHints":{"allow":["GET"]}}],"collection":[{"href":"https:\/\/gaelscoilcholmcille.ie\/en\/wp-json\/wp\/v2\/pages"}],"about":[{"href":"https:\/\/gaelscoilcholmcille.ie\/en\/wp-json\/wp\/v2\/types\/page"}],"author":[{"embeddable":true,"href":"https:\/\/gaelscoilcholmcille.ie\/en\/wp-json\/wp\/v2\/users\/3"}],"replies":[{"embeddable":true,"href":"https:\/\/gaelscoilcholmcille.ie\/en\/wp-json\/wp\/v2\/comments?post=3218"}],"version-history":[{"count":6,"href":"https:\/\/gaelscoilcholmcille.ie\/en\/wp-json\/wp\/v2\/pages\/3218\/revisions"}],"predecessor-version":[{"id":3758,"href":"https:\/\/gaelscoilcholmcille.ie\/en\/wp-json\/wp\/v2\/pages\/3218\/revisions\/3758"}],"up":[{"embeddable":true,"href":"https:\/\/gaelscoilcholmcille.ie\/en\/wp-json\/wp\/v2\/pages\/3190"}],"wp:attachment":[{"href":"https:\/\/gaelscoilcholmcille.ie\/en\/wp-json\/wp\/v2\/media?parent=3218"}],"curies":[{"name":"wp","href":"https:\/\/api.w.org\/{rel}","templated":true}]}}